{"id":20,"date":"2026-03-26T12:08:08","date_gmt":"2026-03-26T12:08:08","guid":{"rendered":"https:\/\/quobent.shop\/?page_id=20"},"modified":"2026-03-26T12:08:10","modified_gmt":"2026-03-26T12:08:10","slug":"restaurierung-historischer-inschriften","status":"publish","type":"page","link":"https:\/\/quobent.shop\/?page_id=20","title":{"rendered":"Restaurierung historischer inschriften"},"content":{"rendered":"\n<p>T\u00fcbingen ist eine Stadt der Geschichte, was sich auch in den zahlreichen Erbst\u00fccken sowie Antiquit\u00e4ten widerspiegelt, welche ihren Weg in die Herrenberger Str. 36 finden. Mein Name ist Bernardo Georg Tamburlini und ein Teil meiner Leidenschaft gilt der Wiederherstellung verloren gegangener oder verblasster Inschriften auf Metall sowie Stein. Bei quobent nutzen wir eine Kombination aus historischem Wissen sowie modernster Analysetechnik, um den urspr\u00fcnglichen Charakter einer Gravur zu rekonstruieren. Oft sind alte Familienwappen oder Widmungen durch Korrosion sowie unsachgem\u00e4\u00dfe Reinigung nahezu unkenntlich geworden. Wir arbeiten behutsam daran, diese Spuren der Zeit zu sichern sowie lesbar zu machen.<\/p>\n\n\n\n<figure class=\"wp-block-image size-full\"><img loading=\"lazy\" decoding=\"async\" width=\"1024\" height=\"682\" src=\"https:\/\/quobent.shop\/wp-content\/uploads\/2026\/03\/tKtGHdB8ajhM.jpg\" alt=\"\" class=\"wp-image-21\" srcset=\"https:\/\/quobent.shop\/wp-content\/uploads\/2026\/03\/tKtGHdB8ajhM.jpg 1024w, https:\/\/quobent.shop\/wp-content\/uploads\/2026\/03\/tKtGHdB8ajhM-300x200.jpg 300w, https:\/\/quobent.shop\/wp-content\/uploads\/2026\/03\/tKtGHdB8ajhM-768x512.jpg 768w\" sizes=\"auto, (max-width: 1024px) 100vw, 1024px\" \/><\/figure>\n\n\n\n<p>Die Herausforderungen bei der Restaurierung sind vielf\u00e4ltig sowie technisch anspruchsvoll:<\/p>\n\n\n\n<ul class=\"wp-block-list\">\n<li>Identifikation der urspr\u00fcnglichen gravurtechnik (stichel, radierung oder punze)<\/li>\n\n\n\n<li>Entfernung von oxidationsschichten ohne besch\u00e4digung der umliegenden fl\u00e4chen<\/li>\n\n\n\n<li>Nachgravur unter beachtung der historischen schriftart sowie strichst\u00e4rke<\/li>\n\n\n\n<li>Anpassung der neuen gravurspuren an die vorhandene patina<\/li>\n\n\n\n<li>Finaler schutz durch mikrokristalline wachse oder speziallacke<\/li>\n<\/ul>\n\n\n\n<p>In unserer Werkstatt quobent behandeln wir jedes historische Objekt mit h\u00f6chstem Respekt. Wir dokumentieren den Zustand vor sowie nach der Bearbeitung, um die Authentizit\u00e4t des St\u00fccks zu wahren. Oft kommen Kunden aus der T\u00fcbinger Altstadt zu uns, um Familiensilber oder historische Werkzeuge restaurieren zu lassen. Wir nutzen in der Herrenberger Stra\u00dfe 36 mikroskopische Vergr\u00f6\u00dferungen, um jede Linie exakt nachzuziehen. Diese Arbeit erfordert Geduld sowie eine ruhige Hand, welche nur durch jahrzehntelange \u00dcbung erreicht werden kann. Wir bei quobent sehen uns als Bewahrer von Erinnerungen, welche wir durch unsere Handwerkskunst f\u00fcr die n\u00e4chsten Generationen erhalten.<\/p>\n","protected":false},"excerpt":{"rendered":"<p>T\u00fcbingen ist eine Stadt der Geschichte, was sich auch in den zahlreichen Erbst\u00fccken sowie Antiquit\u00e4ten widerspiegelt, welche ihren Weg in die Herrenberger Str. 36 finden. Mein Name ist Bernardo Georg Tamburlini und ein Teil meiner Leidenschaft gilt der Wiederherstellung verloren gegangener oder verblasster Inschriften auf Metall sowie Stein. Bei quobent nutzen wir eine Kombination aus [&hellip;]<\/p>\n","protected":false},"author":1,"featured_media":0,"parent":0,"menu_order":4,"comment_status":"closed","ping_status":"closed","template":"","meta":{"footnotes":""},"class_list":["post-20","page","type-page","status-publish","hentry"],"_links":{"self":[{"href":"https:\/\/quobent.shop\/index.php?rest_route=\/wp\/v2\/pages\/20","targetHints":{"allow":["GET"]}}],"collection":[{"href":"https:\/\/quobent.shop\/index.php?rest_route=\/wp\/v2\/pages"}],"about":[{"href":"https:\/\/quobent.shop\/index.php?rest_route=\/wp\/v2\/types\/page"}],"author":[{"embeddable":true,"href":"https:\/\/quobent.shop\/index.php?rest_route=\/wp\/v2\/users\/1"}],"replies":[{"embeddable":true,"href":"https:\/\/quobent.shop\/index.php?rest_route=%2Fwp%2Fv2%2Fcomments&post=20"}],"version-history":[{"count":1,"href":"https:\/\/quobent.shop\/index.php?rest_route=\/wp\/v2\/pages\/20\/revisions"}],"predecessor-version":[{"id":22,"href":"https:\/\/quobent.shop\/index.php?rest_route=\/wp\/v2\/pages\/20\/revisions\/22"}],"wp:attachment":[{"href":"https:\/\/quobent.shop\/index.php?rest_route=%2Fwp%2Fv2%2Fmedia&parent=20"}],"curies":[{"name":"wp","href":"https:\/\/api.w.org\/{rel}","templated":true}]}}